{"id":1222,"date":"2025-03-01T14:38:19","date_gmt":"2025-03-01T13:38:19","guid":{"rendered":"https:\/\/www.alinebrowers.com\/?page_id=1222"},"modified":"2025-05-05T20:27:01","modified_gmt":"2025-05-05T18:27:01","slug":"ueber-uns","status":"publish","type":"page","link":"https:\/\/www.alinebrowers.com\/?page_id=1222","title":{"rendered":"\u00dcber uns"},"content":{"rendered":"\t\t<div data-elementor-type=\"wp-page\" data-elementor-id=\"1222\" class=\"elementor elementor-1222\">\n\t\t\t\t<div class=\"elementor-element elementor-element-0f78970 e-con-full e-flex e-con e-parent\" data-id=\"0f78970\" data-element_type=\"container\" data-e-type=\"container\" data-settings=\"{&quot;background_background&quot;:&quot;gradient&quot;}\">\n\t\t<div class=\"elementor-element elementor-element-6da718e e-con-full elementor-hidden-tablet e-flex e-con e-child\" data-id=\"6da718e\" data-element_type=\"container\" data-e-type=\"container\" data-settings=\"{&quot;background_background&quot;:&quot;classic&quot;}\">\n\t\t<div class=\"elementor-element elementor-element-b53d721 e-con-full e-flex e-con e-child\" data-id=\"b53d721\" data-element_type=\"container\" data-e-type=\"container\">\n\t\t\t\t<div class=\"elementor-element elementor-element-ae1310b elementor-widget-mobile__width-inherit elementor-widget__width-inherit elementor-widget elementor-widget-heading\" data-id=\"ae1310b\" data-element_type=\"widget\" data-e-type=\"widget\" data-widget_type=\"heading.default\">\n\t\t\t\t<div class=\"elementor-widget-container\">\n\t\t\t\t\t<h2 class=\"elementor-heading-title elementor-size-default\">\u00fcber uns<\/h2>\t\t\t\t<\/div>\n\t\t\t\t<\/div>\n\t\t\t\t<div class=\"elementor-element elementor-element-f2f617b elementor-widget-mobile__width-inherit elementor-widget elementor-widget-heading\" data-id=\"f2f617b\" data-element_type=\"widget\" data-e-type=\"widget\" data-widget_type=\"heading.default\">\n\t\t\t\t<div class=\"elementor-widget-container\">\n\t\t\t\t\t<h1 class=\"elementor-heading-title elementor-size-default\">Unser Stil vereint traditionelle, klassische Elemente mit modernen Designprinzipien.<\/h1>\t\t\t\t<\/div>\n\t\t\t\t<\/div>\n\t\t\t\t<div class=\"elementor-element elementor-element-fbbd393 elementor-widget__width-inherit elementor-hidden-tablet elementor-widget elementor-widget-text-editor\" data-id=\"fbbd393\" data-element_type=\"widget\" data-e-type=\"widget\" data-widget_type=\"text-editor.default\">\n\t\t\t\t<div class=\"elementor-widget-container\">\n\t\t\t\t\t\t\t\t\t<p>Als interdisziplin\u00e4res Designb\u00fcro widmen wir uns mit Leidenschaft der Gestaltung anspruchsvoller Wohnr\u00e4ume. Wir planen Geb\u00e4ude \u201evon innen heraus\u201c, begleiten komplexe Renovierungen und unterst\u00fctzen unsere Kunden auf Wunsch bereits bei der Immobiliensuche.<\/p><p>Unsere Entw\u00fcrfe verbinden zeitloses Design mit traditionellen Elementen &#8211; oft inspiriert durch den Stil der Britischen Lebensart. Wir nennen unseren Stil \u201eNew Traditions\u201c. Er zeichnet sich durch Traditionsbewusstsein und klassische Eleganz aus, wobei ein dezenter Luxus und eine hohe Qualit\u00e4t im Vordergrund stehen.<\/p><p>Die Lebensgeschichten unserer Kunden verleihen jedem Entwurf eine ganz eigene Handschrift. Denn ein Zuhause ist mehr als nur ein Raum \u2013 es ist ein Ort, an dem Erinnerungen entstehen und Traditionen gelebt werden.<\/p><p>Regelm\u00e4\u00dfig arbeiten wir eng mit Architekten, Maklern und Projektentwicklern zusammen, um vision\u00e4re Konzepte umzusetzen. Im Bedarfsfall greifen wir auf unser Netzwerk aus erfahrenen Architekten und anderen Fachplanern zur\u00fcck, um die Umsetzbarkeit Ihres Vorhabens zu pr\u00fcfen.<\/p>\t\t\t\t\t\t\t\t<\/div>\n\t\t\t\t<\/div>\n\t\t\t\t<div class=\"elementor-element elementor-element-2f32317 elementor-align-center elementor-button-info elementor-mobile-align-left elementor-widget-mobile__width-inherit elementor-widget elementor-widget-button\" data-id=\"2f32317\" data-element_type=\"widget\" data-e-type=\"widget\" data-widget_type=\"button.default\">\n\t\t\t\t<div class=\"elementor-widget-container\">\n\t\t\t\t\t\t\t\t\t<div class=\"elementor-button-wrapper\">\n\t\t\t\t\t<a class=\"elementor-button elementor-button-link elementor-size-sm\" href=\"#\">\n\t\t\t\t\t\t<span class=\"elementor-button-content-wrapper\">\n\t\t\t\t\t\t\t\t\t<span class=\"elementor-button-text\">Mehr &gt;<\/span>\n\t\t\t\t\t<\/span>\n\t\t\t\t\t<\/a>\n\t\t\t\t<\/div>\n\t\t\t\t\t\t\t\t<\/div>\n\t\t\t\t<\/div>\n\t\t\t\t<\/div>\n\t\t<div class=\"elementor-element elementor-element-b77c364 elementor-hidden-tablet e-flex e-con-boxed e-con e-child\" data-id=\"b77c364\" data-element_type=\"container\" data-e-type=\"container\">\n\t\t\t\t\t<div class=\"e-con-inner\">\n\t\t<div class=\"elementor-element elementor-element-5d8fa1d e-con-full elementor-hidden-mobile e-flex e-con e-child\" data-id=\"5d8fa1d\" data-element_type=\"container\" data-e-type=\"container\">\n\t\t\t\t<div class=\"elementor-element elementor-element-bc9ee74 elementor-widget__width-initial elementor-widget elementor-widget-image\" data-id=\"bc9ee74\" data-element_type=\"widget\" data-e-type=\"widget\" data-widget_type=\"image.default\">\n\t\t\t\t<div class=\"elementor-widget-container\">\n\t\t\t\t\t\t\t\t\t\t\t\t\t\t\t<img fetchpriority=\"high\" decoding=\"async\" width=\"750\" height=\"750\" src=\"https:\/\/www.alinebrowers.com\/wp-content\/uploads\/2025\/04\/Insta-Feed_01.jpg\" class=\"attachment-large size-large wp-image-2017\" alt=\"\" srcset=\"https:\/\/www.alinebrowers.com\/wp-content\/uploads\/2025\/04\/Insta-Feed_01.jpg 750w, https:\/\/www.alinebrowers.com\/wp-content\/uploads\/2025\/04\/Insta-Feed_01-300x300.jpg 300w, https:\/\/www.alinebrowers.com\/wp-content\/uploads\/2025\/04\/Insta-Feed_01-150x150.jpg 150w, https:\/\/www.alinebrowers.com\/wp-content\/uploads\/2025\/04\/Insta-Feed_01-600x600.jpg 600w\" sizes=\"(max-width: 750px) 100vw, 750px\" \/>\t\t\t\t\t\t\t\t\t\t\t\t\t\t\t<\/div>\n\t\t\t\t<\/div>\n\t\t\t\t<\/div>\n\t\t\t\t\t<\/div>\n\t\t\t\t<\/div>\n\t\t\t\t<\/div>\n\t\t\t\t<\/div>\n\t\t<div class=\"elementor-element elementor-element-7dcfed7 e-con-full elementor-hidden-tablet elementor-hidden-mobile e-grid e-con e-parent\" data-id=\"7dcfed7\" data-element_type=\"container\" data-e-type=\"container\" data-settings=\"{&quot;background_background&quot;:&quot;classic&quot;}\">\n\t\t\t\t<div class=\"elementor-element elementor-element-c8a2a4c elementor-widget elementor-widget-image\" data-id=\"c8a2a4c\" data-element_type=\"widget\" data-e-type=\"widget\" data-widget_type=\"image.default\">\n\t\t\t\t<div class=\"elementor-widget-container\">\n\t\t\t\t\t\t\t\t\t\t\t\t\t\t\t<img decoding=\"async\" width=\"300\" height=\"39\" src=\"https:\/\/www.alinebrowers.com\/wp-content\/uploads\/2025\/02\/cropped-WordmarkHorizontal_Slate-300x39.png\" class=\"attachment-medium size-medium wp-image-1246\" alt=\"\" srcset=\"https:\/\/www.alinebrowers.com\/wp-content\/uploads\/2025\/02\/cropped-WordmarkHorizontal_Slate-300x39.png 300w, https:\/\/www.alinebrowers.com\/wp-content\/uploads\/2025\/02\/cropped-WordmarkHorizontal_Slate-1024x134.png 1024w, https:\/\/www.alinebrowers.com\/wp-content\/uploads\/2025\/02\/cropped-WordmarkHorizontal_Slate-768x101.png 768w, https:\/\/www.alinebrowers.com\/wp-content\/uploads\/2025\/02\/cropped-WordmarkHorizontal_Slate-1536x201.png 1536w, https:\/\/www.alinebrowers.com\/wp-content\/uploads\/2025\/02\/cropped-WordmarkHorizontal_Slate-2048x268.png 2048w\" sizes=\"(max-width: 300px) 100vw, 300px\" \/>\t\t\t\t\t\t\t\t\t\t\t\t\t\t\t<\/div>\n\t\t\t\t<\/div>\n\t\t\t\t<div class=\"elementor-element elementor-element-0e1c66b fluentform-widget-submit-button-left elementor-widget__width-initial fluentform-widget-submit-button-custom elementor-widget elementor-widget-fluent-form-widget\" data-id=\"0e1c66b\" data-element_type=\"widget\" data-e-type=\"widget\" data-widget_type=\"fluent-form-widget.default\">\n\t\t\t\t<div class=\"elementor-widget-container\">\n\t\t\t\t\t\n            <div class=\"fluentform-widget-wrapper hide-fluent-form-labels fluentform-widget-align-center\">\n\n                            <div class=\"fluentform-widget-heading\">\n                                                        <\/div>\n            \n            <div class='fluentform ff-default fluentform_wrapper_2 ffs_default_wrap'><form data-form_id=\"2\" id=\"fluentform_2\" class=\"frm-fluent-form fluent_form_2 ff-el-form-top ff_form_instance_2_1 ff-form-loading ffs_default\" data-form_instance=\"ff_form_instance_2_1\" method=\"POST\" ><fieldset  style=\"border: none!important;margin: 0!important;padding: 0!important;background-color: transparent!important;box-shadow: none!important;outline: none!important; min-inline-size: 100%;\">\n                    <legend class=\"ff_screen_reader_title\" style=\"display: block; margin: 0!important;padding: 0!important;height: 0!important;text-indent: -999999px;width: 0!important;overflow:hidden;\">Subscription Form<\/legend><input type='hidden' name='__fluent_form_embded_post_id' value='1222' \/><input type=\"hidden\" id=\"_fluentform_2_fluentformnonce\" name=\"_fluentform_2_fluentformnonce\" value=\"07ade472bc\" \/><input type=\"hidden\" name=\"_wp_http_referer\" value=\"\/index.php?rest_route=%2Fwp%2Fv2%2Fpages%2F1222\" \/><div data-name=\"ff_cn_id_1\"  class='ff-t-container ff-column-container ff_columns_total_2 '><div class='ff-t-cell ff-t-column-1' style='flex-basis: 50%;'><div class='ff-el-group'><div class='ff-el-input--content'><input type=\"email\" name=\"email\" id=\"ff_2_email\" class=\"ff-el-form-control\" placeholder=\"Join our mailing list\" data-name=\"email\"  aria-invalid=\"false\" aria-required=true><\/div><\/div><\/div><div class='ff-t-cell ff-t-column-2' style='flex-basis: 50%;'><div class='ff-el-group ff-text-left ff_submit_btn_wrapper ff_submit_btn_wrapper_custom'><button class=\"ff-btn ff-btn-submit ff-btn-md ff_btn_style wpf_has_custom_css\" type=\"submit\" name=\"custom_submit_button-2_1\" data-name=\"custom_submit_button-2_1\"  aria-label=\"Subscribe\">Subscribe<\/button><style>form.fluent_form_2 .wpf_has_custom_css.ff-btn-submit { background-color:#1a7efb;border-color:#1a7efb;color:#ffffff;min-width:100%; }form.fluent_form_2 .wpf_has_custom_css.ff-btn-submit:hover { background-color:#ffffff;border-color:#1a7efb;color:#1a7efb;min-width:100%; } <\/style><\/div><\/div><\/div><\/fieldset><\/form><div id='fluentform_2_errors' class='ff-errors-in-stack ff_form_instance_2_1 ff-form-loading_errors ff_form_instance_2_1_errors'><\/div><\/div>            <script type=\"text\/javascript\">\n                window.fluent_form_ff_form_instance_2_1 = {\"id\":\"2\",\"settings\":{\"layout\":{\"labelPlacement\":\"top\",\"helpMessagePlacement\":\"with_label\",\"errorMessagePlacement\":\"inline\",\"asteriskPlacement\":\"asterisk-right\"},\"restrictions\":{\"denyEmptySubmission\":{\"enabled\":false}}},\"form_instance\":\"ff_form_instance_2_1\",\"form_id_selector\":\"fluentform_2\",\"rules\":{\"email\":{\"required\":{\"value\":true,\"message\":\"This field is required\",\"global\":false,\"global_message\":\"Dieses Feld ist erforderlich\"},\"email\":{\"value\":true,\"message\":\"This field must contain a valid email\",\"global\":false,\"global_message\":\"Dieses Feld muss eine g\\u00fcltige E-Mail-Adresse enthalten\"}}},\"debounce_time\":300};\n                            <\/script>\n                        <\/div>\n\n            \t\t\t\t<\/div>\n\t\t\t\t<\/div>\n\t\t\t\t<\/div>\n\t\t<div class=\"elementor-element elementor-element-a6f50e1 e-con-full e-flex e-con e-parent\" data-id=\"a6f50e1\" data-element_type=\"container\" data-e-type=\"container\">\n\t\t<div class=\"elementor-element elementor-element-1d6bb70 e-con-full e-flex e-con e-child\" data-id=\"1d6bb70\" data-element_type=\"container\" data-e-type=\"container\" data-settings=\"{&quot;background_background&quot;:&quot;classic&quot;}\">\n\t\t\t\t<div class=\"elementor-element elementor-element-7b33447 elementor-widget__width-inherit elementor-widget elementor-widget-image\" data-id=\"7b33447\" data-element_type=\"widget\" data-e-type=\"widget\" data-widget_type=\"image.default\">\n\t\t\t\t<div class=\"elementor-widget-container\">\n\t\t\t\t\t\t\t\t\t\t\t\t\t\t\t<img decoding=\"async\" width=\"1024\" height=\"565\" src=\"https:\/\/www.alinebrowers.com\/wp-content\/uploads\/2025\/02\/Horizontal_Slate-1024x565.png\" class=\"attachment-large size-large wp-image-797\" alt=\"\" srcset=\"https:\/\/www.alinebrowers.com\/wp-content\/uploads\/2025\/02\/Horizontal_Slate-1024x565.png 1024w, https:\/\/www.alinebrowers.com\/wp-content\/uploads\/2025\/02\/Horizontal_Slate-300x165.png 300w, https:\/\/www.alinebrowers.com\/wp-content\/uploads\/2025\/02\/Horizontal_Slate-768x423.png 768w, https:\/\/www.alinebrowers.com\/wp-content\/uploads\/2025\/02\/Horizontal_Slate-1536x847.png 1536w, https:\/\/www.alinebrowers.com\/wp-content\/uploads\/2025\/02\/Horizontal_Slate-2048x1129.png 2048w\" sizes=\"(max-width: 1024px) 100vw, 1024px\" \/>\t\t\t\t\t\t\t\t\t\t\t\t\t\t\t<\/div>\n\t\t\t\t<\/div>\n\t\t\t\t<\/div>\n\t\t\t\t<\/div>\n\t\t\t\t<\/div>\n\t\t","protected":false},"excerpt":{"rendered":"<p>\u00fcber uns Unser Stil vereint traditionelle, klassische Elemente mit modernen Designprinzipien. Als interdisziplin\u00e4res Designb\u00fcro widmen wir uns mit Leidenschaft der Gestaltung anspruchsvoller Wohnr\u00e4ume. Wir planen Geb\u00e4ude \u201evon innen heraus\u201c, begleiten komplexe Renovierungen und unterst\u00fctzen unsere Kunden auf Wunsch bereits bei der Immobiliensuche. Unsere Entw\u00fcrfe verbinden zeitloses Design mit traditionellen Elementen &#8211; oft inspiriert durch den [&hellip;]<\/p>\n","protected":false},"author":1,"featured_media":0,"parent":0,"menu_order":0,"comment_status":"closed","ping_status":"closed","template":"","meta":{"footnotes":""},"class_list":["post-1222","page","type-page","status-publish","hentry","entry"],"_links":{"self":[{"href":"https:\/\/www.alinebrowers.com\/index.php?rest_route=\/wp\/v2\/pages\/1222","targetHints":{"allow":["GET"]}}],"collection":[{"href":"https:\/\/www.alinebrowers.com\/index.php?rest_route=\/wp\/v2\/pages"}],"about":[{"href":"https:\/\/www.alinebrowers.com\/index.php?rest_route=\/wp\/v2\/types\/page"}],"author":[{"embeddable":true,"href":"https:\/\/www.alinebrowers.com\/index.php?rest_route=\/wp\/v2\/users\/1"}],"replies":[{"embeddable":true,"href":"https:\/\/www.alinebrowers.com\/index.php?rest_route=%2Fwp%2Fv2%2Fcomments&post=1222"}],"version-history":[{"count":69,"href":"https:\/\/www.alinebrowers.com\/index.php?rest_route=\/wp\/v2\/pages\/1222\/revisions"}],"predecessor-version":[{"id":2800,"href":"https:\/\/www.alinebrowers.com\/index.php?rest_route=\/wp\/v2\/pages\/1222\/revisions\/2800"}],"wp:attachment":[{"href":"https:\/\/www.alinebrowers.com\/index.php?rest_route=%2Fwp%2Fv2%2Fmedia&parent=1222"}],"curies":[{"name":"wp","href":"https:\/\/api.w.org\/{rel}","templated":true}]}}