{"id":1224,"date":"2025-03-01T14:37:45","date_gmt":"2025-03-01T13:37:45","guid":{"rendered":"https:\/\/www.alinebrowers.com\/?page_id=1224"},"modified":"2025-05-05T20:31:30","modified_gmt":"2025-05-05T18:31:30","slug":"leistungen","status":"publish","type":"page","link":"https:\/\/www.alinebrowers.com\/?page_id=1224","title":{"rendered":"Leistungen"},"content":{"rendered":"\t\t<div data-elementor-type=\"wp-page\" data-elementor-id=\"1224\" class=\"elementor elementor-1224\">\n\t\t\t\t<div class=\"elementor-element elementor-element-5d589fe e-con-full e-flex e-con e-parent\" data-id=\"5d589fe\" data-element_type=\"container\" data-e-type=\"container\" data-settings=\"{&quot;background_background&quot;:&quot;classic&quot;}\">\n\t\t<div class=\"elementor-element elementor-element-6b80dac e-con-full elementor-hidden-tablet e-flex e-con e-child\" data-id=\"6b80dac\" data-element_type=\"container\" data-e-type=\"container\" data-settings=\"{&quot;background_background&quot;:&quot;classic&quot;}\">\n\t\t<div class=\"elementor-element elementor-element-604487f e-con-full e-flex e-con e-child\" data-id=\"604487f\" data-element_type=\"container\" data-e-type=\"container\">\n\t\t\t\t<div class=\"elementor-element elementor-element-547a725 elementor-widget__width-inherit elementor-widget elementor-widget-heading\" data-id=\"547a725\" data-element_type=\"widget\" data-e-type=\"widget\" data-widget_type=\"heading.default\">\n\t\t\t\t<div class=\"elementor-widget-container\">\n\t\t\t\t\t<h2 class=\"elementor-heading-title elementor-size-default\">UNSERE LEISTUNGEN<\/h2>\t\t\t\t<\/div>\n\t\t\t\t<\/div>\n\t\t\t\t<div class=\"elementor-element elementor-element-101d43b elementor-widget-mobile__width-inherit elementor-widget elementor-widget-heading\" data-id=\"101d43b\" data-element_type=\"widget\" data-e-type=\"widget\" data-widget_type=\"heading.default\">\n\t\t\t\t<div class=\"elementor-widget-container\">\n\t\t\t\t\t<h1 class=\"elementor-heading-title elementor-size-default\">Let\u2018s make your dream a reality.<\/h1>\t\t\t\t<\/div>\n\t\t\t\t<\/div>\n\t\t\t\t<div class=\"elementor-element elementor-element-91319b9 elementor-widget__width-inherit elementor-hidden-tablet elementor-widget elementor-widget-text-editor\" data-id=\"91319b9\" data-element_type=\"widget\" data-e-type=\"widget\" data-widget_type=\"text-editor.default\">\n\t\t\t\t<div class=\"elementor-widget-container\">\n\t\t\t\t\t\t\t\t\t<p>Wir gestalten individuelle Wohnr\u00e4ume, die Ihrem Lebensstil entsprechen und sowohl funktional als auch \u00e4sthetisch \u00fcberzeugen. Von der ersten Idee \u00fcber die Auswahl hochwertiger Materialien bis zur durchdachten M\u00f6belplanung begleiten wir Sie auf dem Weg zu Ihrem ganz pers\u00f6nlichen Zuhause.<\/p><p>Ob stilvolle Umgestaltung, liebevolle Renovierung oder die Planung eines Neubaus \u2013 wir lassen Wohntr\u00e4ume Wirklichkeit werden.<\/p>\t\t\t\t\t\t\t\t<\/div>\n\t\t\t\t<\/div>\n\t\t\t\t<div class=\"elementor-element elementor-element-c460521 elementor-align-center elementor-button-info elementor-mobile-align-left elementor-widget-mobile__width-inherit elementor-widget elementor-widget-button\" data-id=\"c460521\" data-element_type=\"widget\" data-e-type=\"widget\" data-widget_type=\"button.default\">\n\t\t\t\t<div class=\"elementor-widget-container\">\n\t\t\t\t\t\t\t\t\t<div class=\"elementor-button-wrapper\">\n\t\t\t\t\t<a class=\"elementor-button elementor-button-link elementor-size-sm\" href=\"#\">\n\t\t\t\t\t\t<span class=\"elementor-button-content-wrapper\">\n\t\t\t\t\t\t\t\t\t<span class=\"elementor-button-text\">Mehr &gt;<\/span>\n\t\t\t\t\t<\/span>\n\t\t\t\t\t<\/a>\n\t\t\t\t<\/div>\n\t\t\t\t\t\t\t\t<\/div>\n\t\t\t\t<\/div>\n\t\t\t\t<\/div>\n\t\t<div class=\"elementor-element elementor-element-0343fb2 e-flex e-con-boxed e-con e-child\" data-id=\"0343fb2\" data-element_type=\"container\" data-e-type=\"container\">\n\t\t\t\t\t<div class=\"e-con-inner\">\n\t\t<div class=\"elementor-element elementor-element-47a0dcf e-grid e-con-full elementor-hidden-mobile e-con e-child\" data-id=\"47a0dcf\" data-element_type=\"container\" data-e-type=\"container\">\n\t\t\t\t<div class=\"elementor-element elementor-element-d27629d elementor-widget__width-initial elementor-hidden-mobile elementor-widget elementor-widget-image\" data-id=\"d27629d\" data-element_type=\"widget\" data-e-type=\"widget\" data-widget_type=\"image.default\">\n\t\t\t\t<div class=\"elementor-widget-container\">\n\t\t\t\t\t\t\t\t\t\t\t\t\t\t\t<img fetchpriority=\"high\" decoding=\"async\" width=\"1024\" height=\"724\" src=\"https:\/\/www.alinebrowers.com\/wp-content\/uploads\/2025\/04\/Services_transparent-1-1024x724.png\" class=\"attachment-large size-large wp-image-1926\" alt=\"\" srcset=\"https:\/\/www.alinebrowers.com\/wp-content\/uploads\/2025\/04\/Services_transparent-1-1024x724.png 1024w, https:\/\/www.alinebrowers.com\/wp-content\/uploads\/2025\/04\/Services_transparent-1-300x212.png 300w, https:\/\/www.alinebrowers.com\/wp-content\/uploads\/2025\/04\/Services_transparent-1-768x543.png 768w, https:\/\/www.alinebrowers.com\/wp-content\/uploads\/2025\/04\/Services_transparent-1-1536x1086.png 1536w, https:\/\/www.alinebrowers.com\/wp-content\/uploads\/2025\/04\/Services_transparent-1-2048x1448.png 2048w\" sizes=\"(max-width: 1024px) 100vw, 1024px\" \/>\t\t\t\t\t\t\t\t\t\t\t\t\t\t\t<\/div>\n\t\t\t\t<\/div>\n\t\t\t\t<\/div>\n\t\t\t\t\t<\/div>\n\t\t\t\t<\/div>\n\t\t\t\t<\/div>\n\t\t\t\t<\/div>\n\t\t<div class=\"elementor-element elementor-element-d9be95c e-con-full e-flex e-con e-parent\" data-id=\"d9be95c\" data-element_type=\"container\" data-e-type=\"container\">\n\t\t<div class=\"elementor-element elementor-element-4123bd7 e-con-full elementor-hidden-tablet elementor-hidden-mobile e-grid e-con e-child\" data-id=\"4123bd7\" data-element_type=\"container\" data-e-type=\"container\" data-settings=\"{&quot;background_background&quot;:&quot;classic&quot;}\">\n\t\t\t\t<div class=\"elementor-element elementor-element-8b44d56 elementor-widget elementor-widget-image\" data-id=\"8b44d56\" data-element_type=\"widget\" data-e-type=\"widget\" data-widget_type=\"image.default\">\n\t\t\t\t<div class=\"elementor-widget-container\">\n\t\t\t\t\t\t\t\t\t\t\t\t\t\t\t<img decoding=\"async\" width=\"300\" height=\"39\" src=\"https:\/\/www.alinebrowers.com\/wp-content\/uploads\/2025\/02\/cropped-WordmarkHorizontal_Slate-300x39.png\" class=\"attachment-medium size-medium wp-image-1246\" alt=\"\" srcset=\"https:\/\/www.alinebrowers.com\/wp-content\/uploads\/2025\/02\/cropped-WordmarkHorizontal_Slate-300x39.png 300w, https:\/\/www.alinebrowers.com\/wp-content\/uploads\/2025\/02\/cropped-WordmarkHorizontal_Slate-1024x134.png 1024w, https:\/\/www.alinebrowers.com\/wp-content\/uploads\/2025\/02\/cropped-WordmarkHorizontal_Slate-768x101.png 768w, https:\/\/www.alinebrowers.com\/wp-content\/uploads\/2025\/02\/cropped-WordmarkHorizontal_Slate-1536x201.png 1536w, https:\/\/www.alinebrowers.com\/wp-content\/uploads\/2025\/02\/cropped-WordmarkHorizontal_Slate-2048x268.png 2048w\" sizes=\"(max-width: 300px) 100vw, 300px\" \/>\t\t\t\t\t\t\t\t\t\t\t\t\t\t\t<\/div>\n\t\t\t\t<\/div>\n\t\t\t\t<div class=\"elementor-element elementor-element-7ce97a8 fluentform-widget-submit-button-left elementor-widget__width-initial fluentform-widget-submit-button-custom elementor-widget elementor-widget-fluent-form-widget\" data-id=\"7ce97a8\" data-element_type=\"widget\" data-e-type=\"widget\" data-widget_type=\"fluent-form-widget.default\">\n\t\t\t\t<div class=\"elementor-widget-container\">\n\t\t\t\t\t\n            <div class=\"fluentform-widget-wrapper hide-fluent-form-labels fluentform-widget-align-center\">\n\n                            <div class=\"fluentform-widget-heading\">\n                                                        <\/div>\n            \n            <div class='fluentform ff-default fluentform_wrapper_2 ffs_default_wrap'><form data-form_id=\"2\" id=\"fluentform_2\" class=\"frm-fluent-form fluent_form_2 ff-el-form-top ff_form_instance_2_1 ff-form-loading ffs_default\" data-form_instance=\"ff_form_instance_2_1\" method=\"POST\" ><fieldset  style=\"border: none!important;margin: 0!important;padding: 0!important;background-color: transparent!important;box-shadow: none!important;outline: none!important; min-inline-size: 100%;\">\n                    <legend class=\"ff_screen_reader_title\" style=\"display: block; margin: 0!important;padding: 0!important;height: 0!important;text-indent: -999999px;width: 0!important;overflow:hidden;\">Subscription Form<\/legend><input type='hidden' name='__fluent_form_embded_post_id' value='1224' \/><input type=\"hidden\" id=\"_fluentform_2_fluentformnonce\" name=\"_fluentform_2_fluentformnonce\" value=\"e38885d7d3\" \/><input type=\"hidden\" name=\"_wp_http_referer\" value=\"\/index.php?rest_route=%2Fwp%2Fv2%2Fpages%2F1224\" \/><div data-name=\"ff_cn_id_1\"  class='ff-t-container ff-column-container ff_columns_total_2 '><div class='ff-t-cell ff-t-column-1' style='flex-basis: 50%;'><div class='ff-el-group'><div class='ff-el-input--content'><input type=\"email\" name=\"email\" id=\"ff_2_email\" class=\"ff-el-form-control\" placeholder=\"Join our mailing list\" data-name=\"email\"  aria-invalid=\"false\" aria-required=true><\/div><\/div><\/div><div class='ff-t-cell ff-t-column-2' style='flex-basis: 50%;'><div class='ff-el-group ff-text-left ff_submit_btn_wrapper ff_submit_btn_wrapper_custom'><button class=\"ff-btn ff-btn-submit ff-btn-md ff_btn_style wpf_has_custom_css\" type=\"submit\" name=\"custom_submit_button-2_1\" data-name=\"custom_submit_button-2_1\"  aria-label=\"Subscribe\">Subscribe<\/button><style>form.fluent_form_2 .wpf_has_custom_css.ff-btn-submit { background-color:#1a7efb;border-color:#1a7efb;color:#ffffff;min-width:100%; }form.fluent_form_2 .wpf_has_custom_css.ff-btn-submit:hover { background-color:#ffffff;border-color:#1a7efb;color:#1a7efb;min-width:100%; } <\/style><\/div><\/div><\/div><\/fieldset><\/form><div id='fluentform_2_errors' class='ff-errors-in-stack ff_form_instance_2_1 ff-form-loading_errors ff_form_instance_2_1_errors'><\/div><\/div>            <script type=\"text\/javascript\">\n                window.fluent_form_ff_form_instance_2_1 = {\"id\":\"2\",\"settings\":{\"layout\":{\"labelPlacement\":\"top\",\"helpMessagePlacement\":\"with_label\",\"errorMessagePlacement\":\"inline\",\"asteriskPlacement\":\"asterisk-right\"},\"restrictions\":{\"denyEmptySubmission\":{\"enabled\":false}}},\"form_instance\":\"ff_form_instance_2_1\",\"form_id_selector\":\"fluentform_2\",\"rules\":{\"email\":{\"required\":{\"value\":true,\"message\":\"This field is required\",\"global\":false,\"global_message\":\"Dieses Feld ist erforderlich\"},\"email\":{\"value\":true,\"message\":\"This field must contain a valid email\",\"global\":false,\"global_message\":\"Dieses Feld muss eine g\\u00fcltige E-Mail-Adresse enthalten\"}}},\"debounce_time\":300};\n                            <\/script>\n                        <\/div>\n\n            \t\t\t\t<\/div>\n\t\t\t\t<\/div>\n\t\t\t\t<\/div>\n\t\t\t\t<\/div>\n\t\t<div class=\"elementor-element elementor-element-180f7a2 e-con-full e-flex e-con e-parent\" data-id=\"180f7a2\" data-element_type=\"container\" data-e-type=\"container\">\n\t\t<div class=\"elementor-element elementor-element-1dd3806 e-con-full e-flex e-con e-child\" data-id=\"1dd3806\" data-element_type=\"container\" data-e-type=\"container\" data-settings=\"{&quot;background_background&quot;:&quot;classic&quot;}\">\n\t\t\t\t<div class=\"elementor-element elementor-element-73e418e elementor-widget__width-inherit elementor-widget elementor-widget-image\" data-id=\"73e418e\" data-element_type=\"widget\" data-e-type=\"widget\" data-widget_type=\"image.default\">\n\t\t\t\t<div class=\"elementor-widget-container\">\n\t\t\t\t\t\t\t\t\t\t\t\t\t\t\t<img decoding=\"async\" width=\"1024\" height=\"565\" src=\"https:\/\/www.alinebrowers.com\/wp-content\/uploads\/2025\/02\/Horizontal_Slate-1024x565.png\" class=\"attachment-large size-large wp-image-797\" alt=\"\" srcset=\"https:\/\/www.alinebrowers.com\/wp-content\/uploads\/2025\/02\/Horizontal_Slate-1024x565.png 1024w, https:\/\/www.alinebrowers.com\/wp-content\/uploads\/2025\/02\/Horizontal_Slate-300x165.png 300w, https:\/\/www.alinebrowers.com\/wp-content\/uploads\/2025\/02\/Horizontal_Slate-768x423.png 768w, https:\/\/www.alinebrowers.com\/wp-content\/uploads\/2025\/02\/Horizontal_Slate-1536x847.png 1536w, https:\/\/www.alinebrowers.com\/wp-content\/uploads\/2025\/02\/Horizontal_Slate-2048x1129.png 2048w\" sizes=\"(max-width: 1024px) 100vw, 1024px\" \/>\t\t\t\t\t\t\t\t\t\t\t\t\t\t\t<\/div>\n\t\t\t\t<\/div>\n\t\t\t\t<\/div>\n\t\t\t\t<\/div>\n\t\t\t\t<\/div>\n\t\t","protected":false},"excerpt":{"rendered":"<p>UNSERE LEISTUNGEN Let\u2018s make your dream a reality. Wir gestalten individuelle Wohnr\u00e4ume, die Ihrem Lebensstil entsprechen und sowohl funktional als auch \u00e4sthetisch \u00fcberzeugen. Von der ersten Idee \u00fcber die Auswahl hochwertiger Materialien bis zur durchdachten M\u00f6belplanung begleiten wir Sie auf dem Weg zu Ihrem ganz pers\u00f6nlichen Zuhause. Ob stilvolle Umgestaltung, liebevolle Renovierung oder die Planung [&hellip;]<\/p>\n","protected":false},"author":1,"featured_media":0,"parent":0,"menu_order":0,"comment_status":"closed","ping_status":"closed","template":"","meta":{"footnotes":""},"class_list":["post-1224","page","type-page","status-publish","hentry","entry"],"_links":{"self":[{"href":"https:\/\/www.alinebrowers.com\/index.php?rest_route=\/wp\/v2\/pages\/1224","targetHints":{"allow":["GET"]}}],"collection":[{"href":"https:\/\/www.alinebrowers.com\/index.php?rest_route=\/wp\/v2\/pages"}],"about":[{"href":"https:\/\/www.alinebrowers.com\/index.php?rest_route=\/wp\/v2\/types\/page"}],"author":[{"embeddable":true,"href":"https:\/\/www.alinebrowers.com\/index.php?rest_route=\/wp\/v2\/users\/1"}],"replies":[{"embeddable":true,"href":"https:\/\/www.alinebrowers.com\/index.php?rest_route=%2Fwp%2Fv2%2Fcomments&post=1224"}],"version-history":[{"count":24,"href":"https:\/\/www.alinebrowers.com\/index.php?rest_route=\/wp\/v2\/pages\/1224\/revisions"}],"predecessor-version":[{"id":2809,"href":"https:\/\/www.alinebrowers.com\/index.php?rest_route=\/wp\/v2\/pages\/1224\/revisions\/2809"}],"wp:attachment":[{"href":"https:\/\/www.alinebrowers.com\/index.php?rest_route=%2Fwp%2Fv2%2Fmedia&parent=1224"}],"curies":[{"name":"wp","href":"https:\/\/api.w.org\/{rel}","templated":true}]}}